{"id":72,"date":"2023-03-16T19:22:18","date_gmt":"2023-03-16T19:22:18","guid":{"rendered":"http:\/\/omerzahidkubat.com\/?page_id=72"},"modified":"2023-03-18T16:48:37","modified_gmt":"2023-03-18T16:48:37","slug":"biyografi","status":"publish","type":"page","link":"http:\/\/omerzahidkubat.com\/?page_id=72","title":{"rendered":"Biyografi"},"content":{"rendered":"\n<p class=\"has-normal-font-size\">1985 <strong>Sakarya\/Adapazar\u0131<\/strong> do\u011fumlu olan &#8220;<strong>tasar\u0131mc\u0131<\/strong>&#8220;, \u00fcniversite e\u011fitimine kadar Adapazar\u0131nda bulunmu\u015ftur. Adapazar\u0131nda bulundu\u011fu s\u00fcrece e\u011fitimini ve \u00e7al\u0131\u015fma hayat\u0131n\u0131 s\u00fcrd\u00fcrm\u00fc\u015ft\u00fcr. 2006 y\u0131l\u0131nda \u00f6zel yetenek s\u0131navlar\u0131 sonucunda lisans e\u011fitimini alaca\u011f\u0131 &#8220;<strong>K\u00fctahya Dumlup\u0131nar \u00dcniversitesi G\u00fczel Sanatlar Fak\u00fcltesi Grafik B\u00f6l\u00fcm\u00fc<\/strong>&#8220;n\u00fc kazanm\u0131\u015ft\u0131r. 2010 y\u0131l\u0131ndaysa ayn\u0131 \u00dcniversitenin &#8220;<strong>Sosyal Bilimler Enstit\u00fcs\u00fcnde Grafik Ana Sanat Dal\u0131nda<\/strong>&#8221; Y\u00fcksek Lisans e\u011fitimine ba\u015flam\u0131\u015f ve 2012 y\u0131l\u0131nda mezun olmu\u015ftur. Lisans e\u011fitimi s\u00fcresince yaz aylar\u0131nda mesle\u011fini geli\u015ftirmek \u00fczere Adapazar\u0131nda faaliyet g\u00f6steren &#8220;<strong>Zafet Ofset ve Dijital<\/strong>&#8221; firmas\u0131nda \u00e7al\u0131\u015fm\u0131\u015ft\u0131r. Y\u00fcksek lisans tez d\u00f6nemine ba\u015flad\u0131\u011f\u0131 2011 y\u0131l\u0131nda mezun oldu\u011fu Fak\u00fcltede iki d\u00f6nem boyunca <strong>yar\u0131 zamanl\u0131 \u00f6\u011fretim eleman\u0131<\/strong> olarak g\u00f6rev yapm\u0131\u015ft\u0131r. Y\u00fcksek lisans e\u011fitimini tamamlad\u0131ktan sonra Adapazar\u0131nda faaliyet g\u00f6steren &#8220;<strong>Playback Interactive<\/strong>&#8221; firmas\u0131nda 2013-2014 y\u0131llar\u0131nda grafik tasar\u0131mc\u0131\/ web aray\u00fcz tasar\u0131mc\u0131s\u0131 (UI) olarak \u00e7al\u0131\u015fm\u0131\u015ft\u0131r. 2014 y\u0131l\u0131nda <strong>vatani g\u00f6revini<\/strong> yapm\u0131\u015ft\u0131r. 2015 y\u0131l\u0131nda &#8220;<strong>T\u00fcrk Hava Yollar\u0131<\/strong>&#8221; Skylife, Skybusiness, Anadolujet, Empathy gibi dergilerin yaz\u0131m ve tasar\u0131mlar\u0131n\u0131n d\u00fczenlendi\u011fi &#8220;<strong>M\u00fcessese \u0130leti\u015fim<\/strong>&#8221; firmas\u0131nda k\u0131sa bir s\u00fcre tecrube edinmi\u015ftir. Ard\u0131ndan 2015 y\u0131l\u0131 \u015eubat ay\u0131nda &#8220;<strong>Bilecik \u015eeyh Edebali \u00dcniversitesi Boz\u00fcy\u00fck Meslek Y\u00fcksekokulu Tasar\u0131m B\u00f6l\u00fcm\u00fc Grafik Tasar\u0131m\u0131<\/strong>&#8221; Program\u0131nda g\u00f6reve ba\u015flam\u0131\u015ft\u0131r. G\u00f6revde bulundu\u011fu s\u00fcre i\u00e7inde ba\u015fta bulundu\u011fu birimde <strong>M\u00fcd\u00fcr Yard\u0131mc\u0131l\u0131\u011f\u0131 olmak \u00fczere Program Koordinat\u00f6rl\u00fc\u011f\u00fc, \u0130\u015f Yeri E\u011fitimi Program Sorumlusu, \u00dcniversite Logo De\u011ferlendirme Komisyonu Ba\u015fkanl\u0131\u011f\u0131<\/strong> gibi g\u00f6revlerde bulunmu\u015ftur. 2013 y\u0131l\u0131nda <strong>d\u00fcnyaevine giren<\/strong> tasar\u0131mc\u0131n\u0131n 2016 y\u0131l\u0131nda <strong>bir o\u011flu<\/strong> ve 2018 y\u0131l\u0131nda da <strong>bir k\u0131z\u0131<\/strong> d\u00fcnyaya gelmi\u015ftir.<\/p>\n","protected":false},"excerpt":{"rendered":"<p>1985 Sakarya\/Adapazar\u0131 do\u011fumlu olan &#8220;tasar\u0131mc\u0131&#8220;, \u00fcniversite e\u011fitimine kadar Adapazar\u0131nda bulunmu\u015ftur. Adapazar\u0131nda bulundu\u011fu s\u00fcrece e\u011fitimini ve \u00e7al\u0131\u015fma hayat\u0131n\u0131 s\u00fcrd\u00fcrm\u00fc\u015ft\u00fcr. 2006 y\u0131l\u0131nda \u00f6zel yetenek s\u0131navlar\u0131 sonucunda lisans e\u011fitimini alaca\u011f\u0131 &#8220;K\u00fctahya Dumlup\u0131nar \u00dcniversitesi G\u00fczel Sanatlar Fak\u00fcltesi Grafik B\u00f6l\u00fcm\u00fc&#8220;n\u00fc kazanm\u0131\u015ft\u0131r. 2010 y\u0131l\u0131ndaysa ayn\u0131 \u00dcniversitenin &#8220;Sosyal Bilimler Enstit\u00fcs\u00fcnde Grafik Ana Sanat Dal\u0131nda&#8221; Y\u00fcksek Lisans e\u011fitimine ba\u015flam\u0131\u015f ve 2012 y\u0131l\u0131nda mezun [&hellip;]<\/p>\n","protected":false},"author":1,"featured_media":0,"parent":0,"menu_order":0,"comment_status":"closed","ping_status":"closed","template":"","meta":[],"_links":{"self":[{"href":"http:\/\/omerzahidkubat.com\/index.php?rest_route=\/wp\/v2\/pages\/72"}],"collection":[{"href":"http:\/\/omerzahidkubat.com\/index.php?rest_route=\/wp\/v2\/pages"}],"about":[{"href":"http:\/\/omerzahidkubat.com\/index.php?rest_route=\/wp\/v2\/types\/page"}],"author":[{"embeddable":true,"href":"http:\/\/omerzahidkubat.com\/index.php?rest_route=\/wp\/v2\/users\/1"}],"replies":[{"embeddable":true,"href":"http:\/\/omerzahidkubat.com\/index.php?rest_route=%2Fwp%2Fv2%2Fcomments&post=72"}],"version-history":[{"count":5,"href":"http:\/\/omerzahidkubat.com\/index.php?rest_route=\/wp\/v2\/pages\/72\/revisions"}],"predecessor-version":[{"id":245,"href":"http:\/\/omerzahidkubat.com\/index.php?rest_route=\/wp\/v2\/pages\/72\/revisions\/245"}],"wp:attachment":[{"href":"http:\/\/omerzahidkubat.com\/index.php?rest_route=%2Fwp%2Fv2%2Fmedia&parent=72"}],"curies":[{"name":"wp","href":"https:\/\/api.w.org\/{rel}","templated":true}]}}